{"id":4587,"date":"2020-05-12T19:41:05","date_gmt":"2020-05-12T19:41:05","guid":{"rendered":"https:\/\/swefcsrfswitchboard.unm.edu\/srf\/?page_id=4587"},"modified":"2020-09-24T16:31:03","modified_gmt":"2020-09-24T16:31:03","slug":"puerto-rico-state-revolving-fund-resources","status":"publish","type":"page","link":"https:\/\/swefcsrfswitchboard.unm.edu\/srf\/puerto-rico-state-revolving-fund-resources\/","title":{"rendered":"Puerto Rico State Revolving Fund Resources"},"content":{"rendered":"\t\t<div data-elementor-type=\"wp-post\" data-elementor-id=\"4587\" class=\"elementor elementor-4587\">\n\t\t\t\t\t\t<section class=\"elementor-section elementor-top-section elementor-element elementor-element-5c72dd0 elementor-section-boxed elementor-section-height-default elementor-section-height-default\" data-id=\"5c72dd0\" data-element_type=\"section\" data-e-type=\"section\">\n\t\t\t\t\t\t<div class=\"elementor-container elementor-column-gap-default\">\n\t\t\t\t\t<div class=\"elementor-column elementor-col-100 elementor-top-column elementor-element elementor-element-d6fe0b4\" data-id=\"d6fe0b4\" data-element_type=\"column\" data-e-type=\"column\">\n\t\t\t<div class=\"elementor-widget-wrap elementor-element-populated\">\n\t\t\t\t\t\t<section class=\"elementor-section elementor-inner-section elementor-element elementor-element-c05a6de elementor-section-boxed elementor-section-height-default elementor-section-height-default\" data-id=\"c05a6de\" data-element_type=\"section\" data-e-type=\"section\">\n\t\t\t\t\t\t<div class=\"elementor-container elementor-column-gap-default\">\n\t\t\t\t\t<div class=\"elementor-column elementor-col-100 elementor-inner-column elementor-element elementor-element-7e08cde\" data-id=\"7e08cde\" data-element_type=\"column\" data-e-type=\"column\">\n\t\t\t<div class=\"elementor-widget-wrap elementor-element-populated\">\n\t\t\t\t\t\t<div class=\"elementor-element elementor-element-e8cf498 elementor-tabs-view-horizontal elementor-widget elementor-widget-tabs\" data-id=\"e8cf498\" data-element_type=\"widget\" data-e-type=\"widget\" data-widget_type=\"tabs.default\">\n\t\t\t\t<div class=\"elementor-widget-container\">\n\t\t\t\t\t\t\t<div class=\"elementor-tabs\">\n\t\t\t<div class=\"elementor-tabs-wrapper\" role=\"tablist\" >\n\t\t\t\t\t\t\t\t\t<div id=\"elementor-tab-title-2441\" class=\"elementor-tab-title elementor-tab-desktop-title\" aria-selected=\"true\" data-tab=\"1\" role=\"tab\" tabindex=\"0\" aria-controls=\"elementor-tab-content-2441\" aria-expanded=\"false\">Spanish<\/div>\n\t\t\t\t\t\t\t\t\t<div id=\"elementor-tab-title-2442\" class=\"elementor-tab-title elementor-tab-desktop-title\" aria-selected=\"false\" data-tab=\"2\" role=\"tab\" tabindex=\"-1\" aria-controls=\"elementor-tab-content-2442\" aria-expanded=\"false\">English<\/div>\n\t\t\t\t\t\t\t<\/div>\n\t\t\t<div class=\"elementor-tabs-content-wrapper\" role=\"tablist\" aria-orientation=\"vertical\">\n\t\t\t\t\t\t\t\t\t<div class=\"elementor-tab-title elementor-tab-mobile-title\" aria-selected=\"true\" data-tab=\"1\" role=\"tab\" tabindex=\"0\" aria-controls=\"elementor-tab-content-2441\" aria-expanded=\"false\">Spanish<\/div>\n\t\t\t\t\t<div id=\"elementor-tab-content-2441\" class=\"elementor-tab-content elementor-clearfix\" data-tab=\"1\" role=\"tabpanel\" aria-labelledby=\"elementor-tab-title-2441\" tabindex=\"0\" hidden=\"false\"><h2 style=\"color: #0c6890; text-align: left;\">Puerto Rico Departamento De Salud<\/h2><p><a href=\"http:\/\/www.salud.gov.pr\/Dept-de-Salud\/Pages\/Unidades-Operacionales\/Secretaria-Auxiliar-de-Salud-Ambiental-y-Laboratorios-de-Salud-Publica.aspx\" target=\"_blank\" rel=\"noopener\"><img decoding=\"async\" class=\"size-full wp-image-3952 alignleft\" src=\"https:\/\/swefcsrfswitchboard.unm.edu\/srf\/wp-content\/uploads\/2020\/05\/puerto-rico-logo.jpg\" alt=\"\" width=\"300\" height=\"auto\" \/><\/a><\/p><p>La Secretar\u00eda Auxiliar de Salud Ambiental es el componente del sistema de salud de Puerto Rico que tiene la encomienda de planificar, dirigir, coordinar y evaluar los servicios de Salud Ambiental que operan en los niveles central, regional y local del Departamento de Salud. Dicha responsabilidad est\u00e1 dirigida a la prevenci\u00f3n y control de problemas del ambiente que afectan la salud p\u00fablica.<\/p><p>Nuestra misi\u00f3n es controlar o eliminar aquellos factores del medio ambiente que representan un riesgo para la salud de los residentes de Puerto Rico.\u00a0 Esta medida de prevenci\u00f3n primaria evita o reduce los posibles riesgos de enfermedades y, por ende, disminuye los costos de atenci\u00f3n m\u00e9dica.<\/p><\/div>\n\t\t\t\t\t\t\t\t\t<div class=\"elementor-tab-title elementor-tab-mobile-title\" aria-selected=\"false\" data-tab=\"2\" role=\"tab\" tabindex=\"-1\" aria-controls=\"elementor-tab-content-2442\" aria-expanded=\"false\">English<\/div>\n\t\t\t\t\t<div id=\"elementor-tab-content-2442\" class=\"elementor-tab-content elementor-clearfix\" data-tab=\"2\" role=\"tabpanel\" aria-labelledby=\"elementor-tab-title-2442\" tabindex=\"0\" hidden=\"hidden\"><h2 style=\"color: #0c6890; text-align: left;\">Puerto Rico Health Department<\/h2><p><a href=\"http:\/\/www.salud.gov.pr\/Dept-de-Salud\/Pages\/Unidades-Operacionales\/Secretaria-Auxiliar-de-Salud-Ambiental-y-Laboratorios-de-Salud-Publica.aspx\" target=\"_blank\" rel=\"noopener\"><img decoding=\"async\" class=\"size-full wp-image-3952 alignleft\" src=\"https:\/\/swefcsrfswitchboard.unm.edu\/srf\/wp-content\/uploads\/2020\/05\/puerto-rico-logo.jpg\" alt=\"\" width=\"300\" height=\"auto\" \/><\/a><\/p><p>The Auxiliary Secretariat of Environmental Health is the component of the Puerto Rico health system that is in charge of planning, directing, coordinating, and evaluating the Environmental Health services that operate at the central, regional, and local levels of the Department of Health. This responsibility is aimed at the prevention and control of environmental problems that affect public health.<\/p><p>Our mission is to control or eliminate those environmental factors that pose a health risk to the residents of Puerto Rico. This primary prevention measure avoids or reduces the possible risks of diseases and, therefore, reduces the costs of medical care.<\/p><\/div>\n\t\t\t\t\t\t\t<\/div>\n\t\t<\/div>\n\t\t\t\t\t\t<\/div>\n\t\t\t\t<\/div>\n\t\t\t\t\t<\/div>\n\t\t<\/div>\n\t\t\t\t\t<\/div>\n\t\t<\/section>\n\t\t\t\t\t<\/div>\n\t\t<\/div>\n\t\t\t\t\t<\/div>\n\t\t<\/section>\n\t\t\t\t<section class=\"elementor-section elementor-top-section elementor-element elementor-element-2b47df0 elementor-section-boxed elementor-section-height-default elementor-section-height-default\" data-id=\"2b47df0\" data-element_type=\"section\" data-e-type=\"section\">\n\t\t\t\t\t\t\t<div class=\"elementor-background-overlay\"><\/div>\n\t\t\t\t\t\t\t<div class=\"elementor-container elementor-column-gap-default\">\n\t\t\t\t\t<div class=\"elementor-column elementor-col-100 elementor-top-column elementor-element elementor-element-311f19c\" data-id=\"311f19c\" data-element_type=\"column\" data-e-type=\"column\">\n\t\t\t<div class=\"elementor-widget-wrap elementor-element-populated\">\n\t\t\t\t\t\t<div class=\"elementor-element elementor-element-cc8dd0b elementor-widget-divider--view-line_text elementor-widget-divider--element-align-center elementor-widget elementor-widget-divider\" data-id=\"cc8dd0b\" data-element_type=\"widget\" data-e-type=\"widget\" data-widget_type=\"divider.default\">\n\t\t\t\t<div class=\"elementor-widget-container\">\n\t\t\t\t\t\t\t<div class=\"elementor-divider\">\n\t\t\t<span class=\"elementor-divider-separator\">\n\t\t\t\t\t\t\t<span class=\"elementor-divider__text elementor-divider__element\">\n\t\t\t\tPuerto Rico State Revolving Fund Resources\t\t\t\t<\/span>\n\t\t\t\t\t\t<\/span>\n\t\t<\/div>\n\t\t\t\t\t\t<\/div>\n\t\t\t\t<\/div>\n\t\t\t\t<div class=\"elementor-element elementor-element-620aaaf elementor-widget elementor-widget-eael-advanced-data-table\" data-id=\"620aaaf\" data-element_type=\"widget\" data-e-type=\"widget\" data-widget_type=\"eael-advanced-data-table.default\">\n\t\t\t\t<div class=\"elementor-widget-container\">\n\t\t\t\t\t<div class=\"ea-advanced-data-table-wrap\" data-id=\"620aaaf\"><div class=\"ea-advanced-data-table-wrap-inner\">\n                <table class=\"ea-advanced-data-table ea-advanced-data-table-static ea-advanced-data-table-620aaaf\" data-id=\"620aaaf\"><thead><tr><th style=\"width: 618px\">Description<\/th><th style=\"width: 142px\">Type<\/th><th style=\"width: 141px\">Date<\/th><th>Download<\/th><\/tr><\/thead><tbody><tr><td>Drinking Water State Revolving Fund - Legislation<\/td><td><img decoding=\"async\" class=\"aligncenter size-full wp-image-4137\" src=\"https:\/\/swefcsrfswitchboard.unm.edu\/srf\/wp-content\/uploads\/2020\/04\/pdf-2.png\" alt=\"\" width=\"25\" height=\"31\"><\/td><td><div class=\"aligncenter\">Unknown<\/div><\/td><td><a href=\"\/resources\/puerto-rico\/DW &amp; CW Legislation.pdf\" target=\"_blank\"><div class=\"dl-resource\"><\/div><\/a><\/td><\/tr><tr><td>Drinking Water State Revolving Fund - Project Priority List and Intended Use Plan<\/td><td><img decoding=\"async\" class=\"aligncenter size-full wp-image-4137\" src=\"https:\/\/swefcsrfswitchboard.unm.edu\/srf\/wp-content\/uploads\/2020\/04\/pdf-2.png\" alt=\"\" width=\"25\" height=\"31\"><\/td><td><div class=\"aligncenter\">2016<\/div><\/td><td><a href=\"\/resources\/puerto-rico\/2017 IUP.pdf\" target=\"_blank\"><div class=\"dl-resource\"><\/div><\/a><\/td><\/tr><tr><td>Drinking Water State Revolving Fund - Annual Report<\/td><td><\/td><td><\/td><td><div class=\"aligncenter\">Not Available<\/div><\/td><\/tr><tr><td>Drinking Water State Revolving Fund - Loan Ranking Criteria<\/td><td><img decoding=\"async\" class=\"aligncenter size-full wp-image-4137\" src=\"https:\/\/swefcsrfswitchboard.unm.edu\/srf\/wp-content\/uploads\/2020\/04\/pdf-2.png\" alt=\"\" width=\"25\" height=\"31\"><\/td><td><div class=\"aligncenter\">2016<\/div><\/td><td><a href=\"\/resources\/puerto-rico\/Puerto Rico DWSRF and CWSRF Loan Ranking Criteria.pdf\" target=\"_blank\"><div class=\"dl-resource\"><\/div><\/a><\/td><\/tr><tr><td>Clean Water State Revolving Fund - Legislation<\/td><td><img decoding=\"async\" class=\"aligncenter size-full wp-image-4137\" src=\"https:\/\/swefcsrfswitchboard.unm.edu\/srf\/wp-content\/uploads\/2020\/04\/pdf-2.png\" alt=\"\" width=\"25\" height=\"31\"><\/td><td><div class=\"aligncenter\">Unknown<\/div><\/td><td><a href=\"\/resources\/puerto-rico\/DW &amp; CW Legislation.pdf\" target=\"_blank\"><div class=\"dl-resource\"><\/div><\/a><\/td><\/tr><tr><td>Clean Water State Revolving Fund - Project Priority List and Intended Use Plan<\/td><td><img decoding=\"async\" class=\"aligncenter size-full wp-image-4137\" src=\"https:\/\/swefcsrfswitchboard.unm.edu\/srf\/wp-content\/uploads\/2020\/04\/pdf-2.png\" alt=\"\" width=\"25\" height=\"31\"><\/td><td><div class=\"aligncenter\">2016<\/div><\/td><td><a href=\"\/resources\/puerto-rico\/2017 IUP.pdf\" target=\"_blank\"><div class=\"dl-resource\"><\/div><\/a><\/td><\/tr><tr><td>Clean Water State Revolving Fund - Annual Report<\/td><td><\/td><td><\/td><td><div class=\"aligncenter\">Not Available<\/div><\/td><\/tr><tr><td>Clean Water State Revolving Fund - Loan Ranking Criteria<\/td><td><img decoding=\"async\" class=\"aligncenter size-full wp-image-4137\" src=\"https:\/\/swefcsrfswitchboard.unm.edu\/srf\/wp-content\/uploads\/2020\/04\/pdf-2.png\" alt=\"\" width=\"25\" height=\"31\"><\/td><td><div class=\"aligncenter\">2016<\/div><\/td><td><a href=\"\/resources\/puerto-rico\/Puerto Rico DWSRF and CWSRF Loan Ranking Criteria.pdf\" target=\"_blank\"><div class=\"dl-resource\"><\/div><\/a><\/td><\/tr><\/tbody><\/table>\n            <\/div><\/div>\t\t\t\t<\/div>\n\t\t\t\t<\/div>\n\t\t\t\t\t<\/div>\n\t\t<\/div>\n\t\t\t\t\t<\/div>\n\t\t<\/section>\n\t\t\t\t<section class=\"elementor-section elementor-top-section elementor-element elementor-element-272490f elementor-section-boxed elementor-section-height-default elementor-section-height-default\" data-id=\"272490f\" data-element_type=\"section\" data-e-type=\"section\">\n\t\t\t\t\t\t<div class=\"elementor-container elementor-column-gap-default\">\n\t\t\t\t\t<div class=\"elementor-column elementor-col-100 elementor-top-column elementor-element elementor-element-b4f1223\" data-id=\"b4f1223\" data-element_type=\"column\" data-e-type=\"column\">\n\t\t\t<div class=\"elementor-widget-wrap elementor-element-populated\">\n\t\t\t\t\t\t<div class=\"elementor-element elementor-element-5973019 elementor-widget elementor-widget-text-editor\" data-id=\"5973019\" data-element_type=\"widget\" data-e-type=\"widget\" data-widget_type=\"text-editor.default\">\n\t\t\t\t<div class=\"elementor-widget-container\">\n\t\t\t\t\t\t\t\t\t<p>\u00a0<\/p><p>\u00a0<\/p><p>\u00a0<\/p><p>\u00a0<\/p><p>\u00a0<\/p><p>\u00a0<\/p>\t\t\t\t\t\t\t\t<\/div>\n\t\t\t\t<\/div>\n\t\t\t\t\t<\/div>\n\t\t<\/div>\n\t\t\t\t\t<\/div>\n\t\t<\/section>\n\t\t\t\t<\/div>\n\t\t","protected":false},"excerpt":{"rendered":"<p>Spanish English Spanish Puerto Rico Departamento De Salud La Secretar\u00eda Auxiliar de Salud Ambiental es el componente del sistema de salud de Puerto Rico que tiene la encomienda de planificar, dirigir, coordinar y evaluar los servicios de Salud Ambiental que operan en los niveles central, regional y local del Departamento de Salud. Dicha responsabilidad est\u00e1 [&hellip;]<\/p>\n","protected":false},"author":1,"featured_media":0,"parent":0,"menu_order":0,"comment_status":"closed","ping_status":"closed","template":"","meta":{"footnotes":""},"class_list":["post-4587","page","type-page","status-publish","hentry","entry"],"yoast_head":"<!-- This site is optimized with the Yoast SEO plugin v27.2 - https:\/\/yoast.com\/product\/yoast-seo-wordpress\/ -->\n<title>Puerto Rico State Revolving Fund Resources - Southwest Environmental Finance Center<\/title>\n<meta name=\"robots\" content=\"index, follow, max-snippet:-1, max-image-preview:large, max-video-preview:-1\" \/>\n<link rel=\"canonical\" href=\"https:\/\/swefcsrfswitchboard.unm.edu\/srf\/puerto-rico-state-revolving-fund-resources\/\" \/>\n<meta property=\"og:locale\" content=\"en_US\" \/>\n<meta property=\"og:type\" content=\"article\" \/>\n<meta property=\"og:title\" content=\"Puerto Rico State Revolving Fund Resources - Southwest Environmental Finance Center\" \/>\n<meta property=\"og:description\" content=\"Spanish English Spanish Puerto Rico Departamento De Salud La Secretar\u00eda Auxiliar de Salud Ambiental es el componente del sistema de salud de Puerto Rico que tiene la encomienda de planificar, dirigir, coordinar y evaluar los servicios de Salud Ambiental que operan en los niveles central, regional y local del Departamento de Salud. Dicha responsabilidad est\u00e1 [&hellip;]\" \/>\n<meta property=\"og:url\" content=\"https:\/\/swefcsrfswitchboard.unm.edu\/srf\/puerto-rico-state-revolving-fund-resources\/\" \/>\n<meta property=\"og:site_name\" content=\"Southwest Environmental Finance Center\" \/>\n<meta property=\"article:modified_time\" content=\"2020-09-24T16:31:03+00:00\" \/>\n<meta property=\"og:image\" content=\"https:\/\/swefcsrfswitchboard.unm.edu\/srf\/wp-content\/uploads\/2020\/04\/California_water_boards_short.jpg\" \/>\n\t<meta property=\"og:image:width\" content=\"300\" \/>\n\t<meta property=\"og:image:height\" content=\"219\" \/>\n\t<meta property=\"og:image:type\" content=\"image\/jpeg\" \/>\n<meta name=\"twitter:card\" content=\"summary_large_image\" \/>\n<meta name=\"twitter:label1\" content=\"Est. reading time\" \/>\n\t<meta name=\"twitter:data1\" content=\"2 minutes\" \/>\n<script type=\"application\/ld+json\" class=\"yoast-schema-graph\">{\"@context\":\"https:\/\/schema.org\",\"@graph\":[{\"@type\":\"WebPage\",\"@id\":\"https:\/\/swefcsrfswitchboard.unm.edu\/srf\/puerto-rico-state-revolving-fund-resources\/\",\"url\":\"https:\/\/swefcsrfswitchboard.unm.edu\/srf\/puerto-rico-state-revolving-fund-resources\/\",\"name\":\"Puerto Rico State Revolving Fund Resources - Southwest Environmental Finance Center\",\"isPartOf\":{\"@id\":\"https:\/\/swefcsrfswitchboard.unm.edu\/srf\/#website\"},\"primaryImageOfPage\":{\"@id\":\"https:\/\/swefcsrfswitchboard.unm.edu\/srf\/puerto-rico-state-revolving-fund-resources\/#primaryimage\"},\"image\":{\"@id\":\"https:\/\/swefcsrfswitchboard.unm.edu\/srf\/puerto-rico-state-revolving-fund-resources\/#primaryimage\"},\"thumbnailUrl\":\"https:\/\/swefcsrfswitchboard.unm.edu\/srf\/wp-content\/uploads\/2020\/05\/puerto-rico-logo.jpg\",\"datePublished\":\"2020-05-12T19:41:05+00:00\",\"dateModified\":\"2020-09-24T16:31:03+00:00\",\"breadcrumb\":{\"@id\":\"https:\/\/swefcsrfswitchboard.unm.edu\/srf\/puerto-rico-state-revolving-fund-resources\/#breadcrumb\"},\"inLanguage\":\"en-US\",\"potentialAction\":[{\"@type\":\"ReadAction\",\"target\":[\"https:\/\/swefcsrfswitchboard.unm.edu\/srf\/puerto-rico-state-revolving-fund-resources\/\"]}]},{\"@type\":\"ImageObject\",\"inLanguage\":\"en-US\",\"@id\":\"https:\/\/swefcsrfswitchboard.unm.edu\/srf\/puerto-rico-state-revolving-fund-resources\/#primaryimage\",\"url\":\"https:\/\/swefcsrfswitchboard.unm.edu\/srf\/wp-content\/uploads\/2020\/04\/California_water_boards_short.jpg\",\"contentUrl\":\"https:\/\/swefcsrfswitchboard.unm.edu\/srf\/wp-content\/uploads\/2020\/04\/California_water_boards_short.jpg\",\"width\":300,\"height\":219},{\"@type\":\"BreadcrumbList\",\"@id\":\"https:\/\/swefcsrfswitchboard.unm.edu\/srf\/puerto-rico-state-revolving-fund-resources\/#breadcrumb\",\"itemListElement\":[{\"@type\":\"ListItem\",\"position\":1,\"name\":\"Home\",\"item\":\"https:\/\/swefcsrfswitchboard.unm.edu\/srf\/\"},{\"@type\":\"ListItem\",\"position\":2,\"name\":\"Puerto Rico State Revolving Fund Resources\"}]},{\"@type\":\"WebSite\",\"@id\":\"https:\/\/swefcsrfswitchboard.unm.edu\/srf\/#website\",\"url\":\"https:\/\/swefcsrfswitchboard.unm.edu\/srf\/\",\"name\":\"Southwest Environmental Finance Center\",\"description\":\"Asset Management Switchboard\",\"publisher\":{\"@id\":\"https:\/\/swefcsrfswitchboard.unm.edu\/srf\/#organization\"},\"potentialAction\":[{\"@type\":\"SearchAction\",\"target\":{\"@type\":\"EntryPoint\",\"urlTemplate\":\"https:\/\/swefcsrfswitchboard.unm.edu\/srf\/?s={search_term_string}\"},\"query-input\":{\"@type\":\"PropertyValueSpecification\",\"valueRequired\":true,\"valueName\":\"search_term_string\"}}],\"inLanguage\":\"en-US\"},{\"@type\":\"Organization\",\"@id\":\"https:\/\/swefcsrfswitchboard.unm.edu\/srf\/#organization\",\"name\":\"Southwest Environmental Finance Centeer\",\"url\":\"https:\/\/swefcsrfswitchboard.unm.edu\/srf\/\",\"logo\":{\"@type\":\"ImageObject\",\"inLanguage\":\"en-US\",\"@id\":\"https:\/\/swefcsrfswitchboard.unm.edu\/srf\/#\/schema\/logo\/image\/\",\"url\":\"https:\/\/swefcsrfswitchboard.unm.edu\/srf\/wp-content\/uploads\/2019\/09\/swefc-header-large.jpg\",\"contentUrl\":\"https:\/\/swefcsrfswitchboard.unm.edu\/srf\/wp-content\/uploads\/2019\/09\/swefc-header-large.jpg\",\"width\":300,\"height\":100,\"caption\":\"Southwest Environmental Finance Centeer\"},\"image\":{\"@id\":\"https:\/\/swefcsrfswitchboard.unm.edu\/srf\/#\/schema\/logo\/image\/\"}}]}<\/script>\n<!-- \/ Yoast SEO plugin. -->","yoast_head_json":{"title":"Puerto Rico State Revolving Fund Resources - Southwest Environmental Finance Center","robots":{"index":"index","follow":"follow","max-snippet":"max-snippet:-1","max-image-preview":"max-image-preview:large","max-video-preview":"max-video-preview:-1"},"canonical":"https:\/\/swefcsrfswitchboard.unm.edu\/srf\/puerto-rico-state-revolving-fund-resources\/","og_locale":"en_US","og_type":"article","og_title":"Puerto Rico State Revolving Fund Resources - Southwest Environmental Finance Center","og_description":"Spanish English Spanish Puerto Rico Departamento De Salud La Secretar\u00eda Auxiliar de Salud Ambiental es el componente del sistema de salud de Puerto Rico que tiene la encomienda de planificar, dirigir, coordinar y evaluar los servicios de Salud Ambiental que operan en los niveles central, regional y local del Departamento de Salud. Dicha responsabilidad est\u00e1 [&hellip;]","og_url":"https:\/\/swefcsrfswitchboard.unm.edu\/srf\/puerto-rico-state-revolving-fund-resources\/","og_site_name":"Southwest Environmental Finance Center","article_modified_time":"2020-09-24T16:31:03+00:00","og_image":[{"width":300,"height":219,"url":"https:\/\/swefcsrfswitchboard.unm.edu\/srf\/wp-content\/uploads\/2020\/04\/California_water_boards_short.jpg","type":"image\/jpeg"}],"twitter_card":"summary_large_image","twitter_misc":{"Est. reading time":"2 minutes"},"schema":{"@context":"https:\/\/schema.org","@graph":[{"@type":"WebPage","@id":"https:\/\/swefcsrfswitchboard.unm.edu\/srf\/puerto-rico-state-revolving-fund-resources\/","url":"https:\/\/swefcsrfswitchboard.unm.edu\/srf\/puerto-rico-state-revolving-fund-resources\/","name":"Puerto Rico State Revolving Fund Resources - Southwest Environmental Finance Center","isPartOf":{"@id":"https:\/\/swefcsrfswitchboard.unm.edu\/srf\/#website"},"primaryImageOfPage":{"@id":"https:\/\/swefcsrfswitchboard.unm.edu\/srf\/puerto-rico-state-revolving-fund-resources\/#primaryimage"},"image":{"@id":"https:\/\/swefcsrfswitchboard.unm.edu\/srf\/puerto-rico-state-revolving-fund-resources\/#primaryimage"},"thumbnailUrl":"https:\/\/swefcsrfswitchboard.unm.edu\/srf\/wp-content\/uploads\/2020\/05\/puerto-rico-logo.jpg","datePublished":"2020-05-12T19:41:05+00:00","dateModified":"2020-09-24T16:31:03+00:00","breadcrumb":{"@id":"https:\/\/swefcsrfswitchboard.unm.edu\/srf\/puerto-rico-state-revolving-fund-resources\/#breadcrumb"},"inLanguage":"en-US","potentialAction":[{"@type":"ReadAction","target":["https:\/\/swefcsrfswitchboard.unm.edu\/srf\/puerto-rico-state-revolving-fund-resources\/"]}]},{"@type":"ImageObject","inLanguage":"en-US","@id":"https:\/\/swefcsrfswitchboard.unm.edu\/srf\/puerto-rico-state-revolving-fund-resources\/#primaryimage","url":"https:\/\/swefcsrfswitchboard.unm.edu\/srf\/wp-content\/uploads\/2020\/04\/California_water_boards_short.jpg","contentUrl":"https:\/\/swefcsrfswitchboard.unm.edu\/srf\/wp-content\/uploads\/2020\/04\/California_water_boards_short.jpg","width":300,"height":219},{"@type":"BreadcrumbList","@id":"https:\/\/swefcsrfswitchboard.unm.edu\/srf\/puerto-rico-state-revolving-fund-resources\/#breadcrumb","itemListElement":[{"@type":"ListItem","position":1,"name":"Home","item":"https:\/\/swefcsrfswitchboard.unm.edu\/srf\/"},{"@type":"ListItem","position":2,"name":"Puerto Rico State Revolving Fund Resources"}]},{"@type":"WebSite","@id":"https:\/\/swefcsrfswitchboard.unm.edu\/srf\/#website","url":"https:\/\/swefcsrfswitchboard.unm.edu\/srf\/","name":"Southwest Environmental Finance Center","description":"Asset Management Switchboard","publisher":{"@id":"https:\/\/swefcsrfswitchboard.unm.edu\/srf\/#organization"},"potentialAction":[{"@type":"SearchAction","target":{"@type":"EntryPoint","urlTemplate":"https:\/\/swefcsrfswitchboard.unm.edu\/srf\/?s={search_term_string}"},"query-input":{"@type":"PropertyValueSpecification","valueRequired":true,"valueName":"search_term_string"}}],"inLanguage":"en-US"},{"@type":"Organization","@id":"https:\/\/swefcsrfswitchboard.unm.edu\/srf\/#organization","name":"Southwest Environmental Finance Centeer","url":"https:\/\/swefcsrfswitchboard.unm.edu\/srf\/","logo":{"@type":"ImageObject","inLanguage":"en-US","@id":"https:\/\/swefcsrfswitchboard.unm.edu\/srf\/#\/schema\/logo\/image\/","url":"https:\/\/swefcsrfswitchboard.unm.edu\/srf\/wp-content\/uploads\/2019\/09\/swefc-header-large.jpg","contentUrl":"https:\/\/swefcsrfswitchboard.unm.edu\/srf\/wp-content\/uploads\/2019\/09\/swefc-header-large.jpg","width":300,"height":100,"caption":"Southwest Environmental Finance Centeer"},"image":{"@id":"https:\/\/swefcsrfswitchboard.unm.edu\/srf\/#\/schema\/logo\/image\/"}}]}},"_links":{"self":[{"href":"https:\/\/swefcsrfswitchboard.unm.edu\/srf\/wp-json\/wp\/v2\/pages\/4587","targetHints":{"allow":["GET"]}}],"collection":[{"href":"https:\/\/swefcsrfswitchboard.unm.edu\/srf\/wp-json\/wp\/v2\/pages"}],"about":[{"href":"https:\/\/swefcsrfswitchboard.unm.edu\/srf\/wp-json\/wp\/v2\/types\/page"}],"author":[{"embeddable":true,"href":"https:\/\/swefcsrfswitchboard.unm.edu\/srf\/wp-json\/wp\/v2\/users\/1"}],"replies":[{"embeddable":true,"href":"https:\/\/swefcsrfswitchboard.unm.edu\/srf\/wp-json\/wp\/v2\/comments?post=4587"}],"version-history":[{"count":6,"href":"https:\/\/swefcsrfswitchboard.unm.edu\/srf\/wp-json\/wp\/v2\/pages\/4587\/revisions"}],"predecessor-version":[{"id":4842,"href":"https:\/\/swefcsrfswitchboard.unm.edu\/srf\/wp-json\/wp\/v2\/pages\/4587\/revisions\/4842"}],"wp:attachment":[{"href":"https:\/\/swefcsrfswitchboard.unm.edu\/srf\/wp-json\/wp\/v2\/media?parent=4587"}],"curies":[{"name":"wp","href":"https:\/\/api.w.org\/{rel}","templated":true}]}}